{"id":9926,"date":"2025-06-16T05:50:40","date_gmt":"2025-06-16T05:50:40","guid":{"rendered":"https:\/\/erc.exsite.ie\/reimsi-taighde\/an-clar-um-mheasunu-idirnaisiunta-ar-scolairi-pisa\/babhtai-roimhe-seo-de-pisa\/"},"modified":"2025-06-16T05:50:40","modified_gmt":"2025-06-16T05:50:40","slug":"babhtai-roimhe-seo-de-pisa","status":"publish","type":"page","link":"https:\/\/www.erc.ie\/ga\/reimsi-taighde\/an-clar-um-mheasunu-idirnaisiunta-ar-scolairi-pisa\/babhtai-roimhe-seo-de-pisa\/","title":{"rendered":"Babhta\u00ed Roimhe Seo de PISA"},"content":{"rendered":"","protected":false},"excerpt":{"rendered":"","protected":false},"author":2,"featured_media":0,"parent":9913,"menu_order":0,"comment_status":"closed","ping_status":"closed","template":"template\/flexible-page.php","meta":{"_acf_changed":false,"footnotes":""},"class_list":["post-9926","page","type-page","status-publish","hentry"],"acf":[],"yoast_head":"<!-- This site is optimized with the Yoast SEO plugin v27.0 - https:\/\/yoast.com\/product\/yoast-seo-wordpress\/ -->\n<title>Babhta\u00ed Roimhe Seo de PISA - Educational Research Centre<\/title>\n<meta name=\"robots\" content=\"index, follow, max-snippet:-1, max-image-preview:large, max-video-preview:-1\" \/>\n<link rel=\"canonical\" href=\"https:\/\/www.erc.ie\/ga\/reimsi-taighde\/an-clar-um-mheasunu-idirnaisiunta-ar-scolairi-pisa\/babhtai-roimhe-seo-de-pisa\/\" \/>\n<meta property=\"og:locale\" content=\"en_US\" \/>\n<meta property=\"og:type\" content=\"article\" \/>\n<meta property=\"og:title\" content=\"Babhta\u00ed Roimhe Seo de PISA - Educational Research Centre\" \/>\n<meta property=\"og:url\" content=\"https:\/\/www.erc.ie\/ga\/reimsi-taighde\/an-clar-um-mheasunu-idirnaisiunta-ar-scolairi-pisa\/babhtai-roimhe-seo-de-pisa\/\" \/>\n<meta property=\"og:site_name\" content=\"Educational Research Centre\" \/>\n<meta name=\"twitter:card\" content=\"summary_large_image\" \/>\n<script type=\"application\/ld+json\" class=\"yoast-schema-graph\">{\"@context\":\"https:\/\/schema.org\",\"@graph\":[{\"@type\":\"WebPage\",\"@id\":\"https:\/\/www.erc.ie\/ga\/reimsi-taighde\/an-clar-um-mheasunu-idirnaisiunta-ar-scolairi-pisa\/babhtai-roimhe-seo-de-pisa\/\",\"url\":\"https:\/\/www.erc.ie\/ga\/reimsi-taighde\/an-clar-um-mheasunu-idirnaisiunta-ar-scolairi-pisa\/babhtai-roimhe-seo-de-pisa\/\",\"name\":\"Babhta\u00ed Roimhe Seo de PISA - Educational Research Centre\",\"isPartOf\":{\"@id\":\"https:\/\/www.erc.ie\/ga\/#website\"},\"datePublished\":\"2025-06-16T05:50:40+00:00\",\"breadcrumb\":{\"@id\":\"https:\/\/www.erc.ie\/ga\/reimsi-taighde\/an-clar-um-mheasunu-idirnaisiunta-ar-scolairi-pisa\/babhtai-roimhe-seo-de-pisa\/#breadcrumb\"},\"inLanguage\":\"ga\",\"potentialAction\":[{\"@type\":\"ReadAction\",\"target\":[\"https:\/\/www.erc.ie\/ga\/reimsi-taighde\/an-clar-um-mheasunu-idirnaisiunta-ar-scolairi-pisa\/babhtai-roimhe-seo-de-pisa\/\"]}]},{\"@type\":\"BreadcrumbList\",\"@id\":\"https:\/\/www.erc.ie\/ga\/reimsi-taighde\/an-clar-um-mheasunu-idirnaisiunta-ar-scolairi-pisa\/babhtai-roimhe-seo-de-pisa\/#breadcrumb\",\"itemListElement\":[{\"@type\":\"ListItem\",\"position\":1,\"name\":\"Home\",\"item\":\"https:\/\/www.erc.ie\/ga\/\"},{\"@type\":\"ListItem\",\"position\":2,\"name\":\"Taighde ag an FTO\",\"item\":\"https:\/\/www.erc.ie\/ga\/reimsi-taighde\/\"},{\"@type\":\"ListItem\",\"position\":3,\"name\":\"An Cl\u00e1r um Mheas\u00fan\u00fa Idirn\u00e1isi\u00fanta ar Scol\u00e1ir\u00ed (PISA)\",\"item\":\"https:\/\/www.erc.ie\/ga\/reimsi-taighde\/an-clar-um-mheasunu-idirnaisiunta-ar-scolairi-pisa\/\"},{\"@type\":\"ListItem\",\"position\":4,\"name\":\"Babhta\u00ed Roimhe Seo de PISA\"}]},{\"@type\":\"WebSite\",\"@id\":\"https:\/\/www.erc.ie\/ga\/#website\",\"url\":\"https:\/\/www.erc.ie\/ga\/\",\"name\":\"Educational Research Centre\",\"description\":\"-  Foras Taighde ar Oideachas\",\"potentialAction\":[{\"@type\":\"SearchAction\",\"target\":{\"@type\":\"EntryPoint\",\"urlTemplate\":\"https:\/\/www.erc.ie\/ga\/?s={search_term_string}\"},\"query-input\":{\"@type\":\"PropertyValueSpecification\",\"valueRequired\":true,\"valueName\":\"search_term_string\"}}],\"inLanguage\":\"ga\"}]}<\/script>\n<!-- \/ Yoast SEO plugin. -->","yoast_head_json":{"title":"Babhta\u00ed Roimhe Seo de PISA - Educational Research Centre","robots":{"index":"index","follow":"follow","max-snippet":"max-snippet:-1","max-image-preview":"max-image-preview:large","max-video-preview":"max-video-preview:-1"},"canonical":"https:\/\/www.erc.ie\/ga\/reimsi-taighde\/an-clar-um-mheasunu-idirnaisiunta-ar-scolairi-pisa\/babhtai-roimhe-seo-de-pisa\/","og_locale":"en_US","og_type":"article","og_title":"Babhta\u00ed Roimhe Seo de PISA - Educational Research Centre","og_url":"https:\/\/www.erc.ie\/ga\/reimsi-taighde\/an-clar-um-mheasunu-idirnaisiunta-ar-scolairi-pisa\/babhtai-roimhe-seo-de-pisa\/","og_site_name":"Educational Research Centre","twitter_card":"summary_large_image","schema":{"@context":"https:\/\/schema.org","@graph":[{"@type":"WebPage","@id":"https:\/\/www.erc.ie\/ga\/reimsi-taighde\/an-clar-um-mheasunu-idirnaisiunta-ar-scolairi-pisa\/babhtai-roimhe-seo-de-pisa\/","url":"https:\/\/www.erc.ie\/ga\/reimsi-taighde\/an-clar-um-mheasunu-idirnaisiunta-ar-scolairi-pisa\/babhtai-roimhe-seo-de-pisa\/","name":"Babhta\u00ed Roimhe Seo de PISA - Educational Research Centre","isPartOf":{"@id":"https:\/\/www.erc.ie\/ga\/#website"},"datePublished":"2025-06-16T05:50:40+00:00","breadcrumb":{"@id":"https:\/\/www.erc.ie\/ga\/reimsi-taighde\/an-clar-um-mheasunu-idirnaisiunta-ar-scolairi-pisa\/babhtai-roimhe-seo-de-pisa\/#breadcrumb"},"inLanguage":"ga","potentialAction":[{"@type":"ReadAction","target":["https:\/\/www.erc.ie\/ga\/reimsi-taighde\/an-clar-um-mheasunu-idirnaisiunta-ar-scolairi-pisa\/babhtai-roimhe-seo-de-pisa\/"]}]},{"@type":"BreadcrumbList","@id":"https:\/\/www.erc.ie\/ga\/reimsi-taighde\/an-clar-um-mheasunu-idirnaisiunta-ar-scolairi-pisa\/babhtai-roimhe-seo-de-pisa\/#breadcrumb","itemListElement":[{"@type":"ListItem","position":1,"name":"Home","item":"https:\/\/www.erc.ie\/ga\/"},{"@type":"ListItem","position":2,"name":"Taighde ag an FTO","item":"https:\/\/www.erc.ie\/ga\/reimsi-taighde\/"},{"@type":"ListItem","position":3,"name":"An Cl\u00e1r um Mheas\u00fan\u00fa Idirn\u00e1isi\u00fanta ar Scol\u00e1ir\u00ed (PISA)","item":"https:\/\/www.erc.ie\/ga\/reimsi-taighde\/an-clar-um-mheasunu-idirnaisiunta-ar-scolairi-pisa\/"},{"@type":"ListItem","position":4,"name":"Babhta\u00ed Roimhe Seo de PISA"}]},{"@type":"WebSite","@id":"https:\/\/www.erc.ie\/ga\/#website","url":"https:\/\/www.erc.ie\/ga\/","name":"Educational Research Centre","description":"-  Foras Taighde ar Oideachas","potentialAction":[{"@type":"SearchAction","target":{"@type":"EntryPoint","urlTemplate":"https:\/\/www.erc.ie\/ga\/?s={search_term_string}"},"query-input":{"@type":"PropertyValueSpecification","valueRequired":true,"valueName":"search_term_string"}}],"inLanguage":"ga"}]}},"_links":{"self":[{"href":"https:\/\/www.erc.ie\/ga\/wp-json\/wp\/v2\/pages\/9926","targetHints":{"allow":["GET"]}}],"collection":[{"href":"https:\/\/www.erc.ie\/ga\/wp-json\/wp\/v2\/pages"}],"about":[{"href":"https:\/\/www.erc.ie\/ga\/wp-json\/wp\/v2\/types\/page"}],"author":[{"embeddable":true,"href":"https:\/\/www.erc.ie\/ga\/wp-json\/wp\/v2\/users\/2"}],"replies":[{"embeddable":true,"href":"https:\/\/www.erc.ie\/ga\/wp-json\/wp\/v2\/comments?post=9926"}],"version-history":[{"count":0,"href":"https:\/\/www.erc.ie\/ga\/wp-json\/wp\/v2\/pages\/9926\/revisions"}],"up":[{"embeddable":true,"href":"https:\/\/www.erc.ie\/ga\/wp-json\/wp\/v2\/pages\/9913"}],"wp:attachment":[{"href":"https:\/\/www.erc.ie\/ga\/wp-json\/wp\/v2\/media?parent=9926"}],"curies":[{"name":"wp","href":"https:\/\/api.w.org\/{rel}","templated":true}]}}