{"id":9908,"date":"2025-07-30T07:59:58","date_gmt":"2025-07-30T07:59:58","guid":{"rendered":"https:\/\/erc.exsite.ie\/uirlis-scorala-paipeir-dots\/"},"modified":"2025-07-30T07:59:58","modified_gmt":"2025-07-30T07:59:58","slug":"uirlis-scorala-paipeir-dots","status":"publish","type":"page","link":"https:\/\/www.erc.ie\/ga\/uirlis-scorala-paipeir-dots\/","title":{"rendered":"Uirlis Sc\u00f3r\u00e1la P\u00e1ip\u00e9ir DOTS"},"content":{"rendered":"","protected":false},"excerpt":{"rendered":"","protected":false},"author":2,"featured_media":0,"parent":0,"menu_order":0,"comment_status":"closed","ping_status":"closed","template":"template\/flexible-page.php","meta":{"_acf_changed":false,"footnotes":""},"class_list":["post-9908","page","type-page","status-publish","hentry"],"acf":[],"yoast_head":"<!-- This site is optimized with the Yoast SEO plugin v27.0 - https:\/\/yoast.com\/product\/yoast-seo-wordpress\/ -->\n<title>Uirlis Sc\u00f3r\u00e1la P\u00e1ip\u00e9ir DOTS - Educational Research Centre<\/title>\n<meta name=\"robots\" content=\"index, follow, max-snippet:-1, max-image-preview:large, max-video-preview:-1\" \/>\n<link rel=\"canonical\" href=\"https:\/\/www.erc.ie\/ga\/uirlis-scorala-paipeir-dots\/\" \/>\n<meta property=\"og:locale\" content=\"en_US\" \/>\n<meta property=\"og:type\" content=\"article\" \/>\n<meta property=\"og:title\" content=\"Uirlis Sc\u00f3r\u00e1la P\u00e1ip\u00e9ir DOTS - Educational Research Centre\" \/>\n<meta property=\"og:url\" content=\"https:\/\/www.erc.ie\/ga\/uirlis-scorala-paipeir-dots\/\" \/>\n<meta property=\"og:site_name\" content=\"Educational Research Centre\" \/>\n<meta name=\"twitter:card\" content=\"summary_large_image\" \/>\n<script type=\"application\/ld+json\" class=\"yoast-schema-graph\">{\"@context\":\"https:\/\/schema.org\",\"@graph\":[{\"@type\":\"WebPage\",\"@id\":\"https:\/\/www.erc.ie\/ga\/uirlis-scorala-paipeir-dots\/\",\"url\":\"https:\/\/www.erc.ie\/ga\/uirlis-scorala-paipeir-dots\/\",\"name\":\"Uirlis Sc\u00f3r\u00e1la P\u00e1ip\u00e9ir DOTS - Educational Research Centre\",\"isPartOf\":{\"@id\":\"https:\/\/www.erc.ie\/ga\/#website\"},\"datePublished\":\"2025-07-30T07:59:58+00:00\",\"breadcrumb\":{\"@id\":\"https:\/\/www.erc.ie\/ga\/uirlis-scorala-paipeir-dots\/#breadcrumb\"},\"inLanguage\":\"ga\",\"potentialAction\":[{\"@type\":\"ReadAction\",\"target\":[\"https:\/\/www.erc.ie\/ga\/uirlis-scorala-paipeir-dots\/\"]}]},{\"@type\":\"BreadcrumbList\",\"@id\":\"https:\/\/www.erc.ie\/ga\/uirlis-scorala-paipeir-dots\/#breadcrumb\",\"itemListElement\":[{\"@type\":\"ListItem\",\"position\":1,\"name\":\"Home\",\"item\":\"https:\/\/www.erc.ie\/ga\/\"},{\"@type\":\"ListItem\",\"position\":2,\"name\":\"Uirlis Sc\u00f3r\u00e1la P\u00e1ip\u00e9ir DOTS\"}]},{\"@type\":\"WebSite\",\"@id\":\"https:\/\/www.erc.ie\/ga\/#website\",\"url\":\"https:\/\/www.erc.ie\/ga\/\",\"name\":\"Educational Research Centre\",\"description\":\"-  Foras Taighde ar Oideachas\",\"potentialAction\":[{\"@type\":\"SearchAction\",\"target\":{\"@type\":\"EntryPoint\",\"urlTemplate\":\"https:\/\/www.erc.ie\/ga\/?s={search_term_string}\"},\"query-input\":{\"@type\":\"PropertyValueSpecification\",\"valueRequired\":true,\"valueName\":\"search_term_string\"}}],\"inLanguage\":\"ga\"}]}<\/script>\n<!-- \/ Yoast SEO plugin. -->","yoast_head_json":{"title":"Uirlis Sc\u00f3r\u00e1la P\u00e1ip\u00e9ir DOTS - Educational Research Centre","robots":{"index":"index","follow":"follow","max-snippet":"max-snippet:-1","max-image-preview":"max-image-preview:large","max-video-preview":"max-video-preview:-1"},"canonical":"https:\/\/www.erc.ie\/ga\/uirlis-scorala-paipeir-dots\/","og_locale":"en_US","og_type":"article","og_title":"Uirlis Sc\u00f3r\u00e1la P\u00e1ip\u00e9ir DOTS - Educational Research Centre","og_url":"https:\/\/www.erc.ie\/ga\/uirlis-scorala-paipeir-dots\/","og_site_name":"Educational Research Centre","twitter_card":"summary_large_image","schema":{"@context":"https:\/\/schema.org","@graph":[{"@type":"WebPage","@id":"https:\/\/www.erc.ie\/ga\/uirlis-scorala-paipeir-dots\/","url":"https:\/\/www.erc.ie\/ga\/uirlis-scorala-paipeir-dots\/","name":"Uirlis Sc\u00f3r\u00e1la P\u00e1ip\u00e9ir DOTS - Educational Research Centre","isPartOf":{"@id":"https:\/\/www.erc.ie\/ga\/#website"},"datePublished":"2025-07-30T07:59:58+00:00","breadcrumb":{"@id":"https:\/\/www.erc.ie\/ga\/uirlis-scorala-paipeir-dots\/#breadcrumb"},"inLanguage":"ga","potentialAction":[{"@type":"ReadAction","target":["https:\/\/www.erc.ie\/ga\/uirlis-scorala-paipeir-dots\/"]}]},{"@type":"BreadcrumbList","@id":"https:\/\/www.erc.ie\/ga\/uirlis-scorala-paipeir-dots\/#breadcrumb","itemListElement":[{"@type":"ListItem","position":1,"name":"Home","item":"https:\/\/www.erc.ie\/ga\/"},{"@type":"ListItem","position":2,"name":"Uirlis Sc\u00f3r\u00e1la P\u00e1ip\u00e9ir DOTS"}]},{"@type":"WebSite","@id":"https:\/\/www.erc.ie\/ga\/#website","url":"https:\/\/www.erc.ie\/ga\/","name":"Educational Research Centre","description":"-  Foras Taighde ar Oideachas","potentialAction":[{"@type":"SearchAction","target":{"@type":"EntryPoint","urlTemplate":"https:\/\/www.erc.ie\/ga\/?s={search_term_string}"},"query-input":{"@type":"PropertyValueSpecification","valueRequired":true,"valueName":"search_term_string"}}],"inLanguage":"ga"}]}},"_links":{"self":[{"href":"https:\/\/www.erc.ie\/ga\/wp-json\/wp\/v2\/pages\/9908","targetHints":{"allow":["GET"]}}],"collection":[{"href":"https:\/\/www.erc.ie\/ga\/wp-json\/wp\/v2\/pages"}],"about":[{"href":"https:\/\/www.erc.ie\/ga\/wp-json\/wp\/v2\/types\/page"}],"author":[{"embeddable":true,"href":"https:\/\/www.erc.ie\/ga\/wp-json\/wp\/v2\/users\/2"}],"replies":[{"embeddable":true,"href":"https:\/\/www.erc.ie\/ga\/wp-json\/wp\/v2\/comments?post=9908"}],"version-history":[{"count":0,"href":"https:\/\/www.erc.ie\/ga\/wp-json\/wp\/v2\/pages\/9908\/revisions"}],"wp:attachment":[{"href":"https:\/\/www.erc.ie\/ga\/wp-json\/wp\/v2\/media?parent=9908"}],"curies":[{"name":"wp","href":"https:\/\/api.w.org\/{rel}","templated":true}]}}